{"id":469,"date":"2024-02-28T17:48:10","date_gmt":"2024-02-28T22:48:10","guid":{"rendered":"http:\/\/luxedentalmedellin.com\/?page_id=469"},"modified":"2025-12-10T12:09:45","modified_gmt":"2025-12-10T17:09:45","slug":"juan-david-parra","status":"publish","type":"page","link":"http:\/\/luxedentalmedellin.com\/en\/principal\/conocenos\/juan-david-parra\/","title":{"rendered":"Juan David Parra"},"content":{"rendered":"<div data-elementor-type=\"wp-page\" data-elementor-id=\"469\" class=\"elementor elementor-469\" data-elementor-settings=\"{&quot;ha_cmc_init_switcher&quot;:&quot;no&quot;}\" data-elementor-post-type=\"page\">\n\t\t\t\t<div class=\"elementor-element elementor-element-8226112 e-flex e-con-boxed e-con e-parent\" data-id=\"8226112\" data-element_type=\"container\" data-e-type=\"container\" data-settings=\"{&quot;_ha_eqh_enable&quot;:false}\">\n\t\t\t\t\t<div class=\"e-con-inner\">\n\t\t<div class=\"elementor-element elementor-element-a0533f7 e-con-full e-flex e-con e-child\" data-id=\"a0533f7\" data-element_type=\"container\" data-e-type=\"container\" data-settings=\"{&quot;_ha_eqh_enable&quot;:false}\">\n\t\t\t\t<div class=\"elementor-element elementor-element-89c841e elementor-widget elementor-widget-image\" data-id=\"89c841e\" data-element_type=\"widget\" data-e-type=\"widget\" data-widget_type=\"image.default\">\n\t\t\t\t<div class=\"elementor-widget-container\">\n\t\t\t\t\t\t\t\t\t\t\t\t\t\t\t<img fetchpriority=\"high\" decoding=\"async\" width=\"800\" height=\"696\" src=\"http:\/\/luxedentalmedellin.com\/wp-content\/uploads\/2024\/02\/doctor1-1-scaled-e1709160574374-1024x891.jpg\" class=\"attachment-large size-large wp-image-471\" alt=\"\" srcset=\"http:\/\/luxedentalmedellin.com\/wp-content\/uploads\/2024\/02\/doctor1-1-scaled-e1709160574374-1024x891.jpg 1024w, http:\/\/luxedentalmedellin.com\/wp-content\/uploads\/2024\/02\/doctor1-1-scaled-e1709160574374-300x261.jpg 300w, http:\/\/luxedentalmedellin.com\/wp-content\/uploads\/2024\/02\/doctor1-1-scaled-e1709160574374-768x669.jpg 768w, http:\/\/luxedentalmedellin.com\/wp-content\/uploads\/2024\/02\/doctor1-1-scaled-e1709160574374-1536x1337.jpg 1536w, http:\/\/luxedentalmedellin.com\/wp-content\/uploads\/2024\/02\/doctor1-1-scaled-e1709160574374-14x12.jpg 14w, http:\/\/luxedentalmedellin.com\/wp-content\/uploads\/2024\/02\/doctor1-1-scaled-e1709160574374.jpg 1715w\" sizes=\"(max-width: 800px) 100vw, 800px\" \/>\t\t\t\t\t\t\t\t\t\t\t\t\t\t\t<\/div>\n\t\t\t\t<\/div>\n\t\t\t\t<\/div>\n\t\t<div class=\"elementor-element elementor-element-9955e17 e-con-full e-flex e-con e-child\" data-id=\"9955e17\" data-element_type=\"container\" data-e-type=\"container\" data-settings=\"{&quot;_ha_eqh_enable&quot;:false}\">\n\t\t\t\t<div class=\"elementor-element elementor-element-c054a60 elementor-widget elementor-widget-heading\" data-id=\"c054a60\" data-element_type=\"widget\" data-e-type=\"widget\" data-widget_type=\"heading.default\">\n\t\t\t\t<div class=\"elementor-widget-container\">\n\t\t\t\t\t<h1 class=\"elementor-heading-title elementor-size-default\">Welcome to dental excellence with Dr.Juan David Parra!<\/h1>\t\t\t\t<\/div>\n\t\t\t\t<\/div>\n\t\t\t\t<\/div>\n\t\t\t\t\t<\/div>\n\t\t\t\t<\/div>\n\t\t<div class=\"elementor-element elementor-element-a242be0 e-flex e-con-boxed e-con e-parent\" data-id=\"a242be0\" data-element_type=\"container\" data-e-type=\"container\" data-settings=\"{&quot;_ha_eqh_enable&quot;:false}\">\n\t\t\t\t\t<div class=\"e-con-inner\">\n\t\t<div class=\"elementor-element elementor-element-53446b6 e-con-full e-flex e-con e-child\" data-id=\"53446b6\" data-element_type=\"container\" data-e-type=\"container\" data-settings=\"{&quot;_ha_eqh_enable&quot;:false}\">\n\t\t\t\t<div class=\"elementor-element elementor-element-fc0b4dd elementor-widget elementor-widget-text-editor\" data-id=\"fc0b4dd\" data-element_type=\"widget\" data-e-type=\"widget\" data-widget_type=\"text-editor.default\">\n\t\t\t\t<div class=\"elementor-widget-container\">\n\t\t\t\t\t\t\t\t\t<p>As a specialist in Oral Implant and Reconstructive Dentistry, a graduate of the renowned CIEO, I am proud to offer state-of-the-art solutions for the restoration of dental function and esthetics. My dedication to excellence is reflected in every procedure, providing my patients with long-lasting and satisfying results.<\/p><p>With additional specialization in Dentures and Dental Aesthetics, my goal is to restore function and beauty to my patients' smiles. Using advanced techniques and high quality materials, I work to achieve aesthetic results that improve my patients' confidence and quality of life.<\/p><p>At my practice, we pride ourselves on offering a 100% digital dental experience. Leveraging the most advanced 3D technology, we can plan and execute treatments with unprecedented precision and efficiency, ensuring optimal results and comfort for our patients.<\/p><p>With Luxe Dental Clinic, you can rely on top-notch dental care backed by experience, dedication and a patient-centered approach. Let me be your partner on the road to a healthy, radiant smile!<\/p>\t\t\t\t\t\t\t\t<\/div>\n\t\t\t\t<\/div>\n\t\t\t\t<\/div>\n\t\t<div class=\"elementor-element elementor-element-e24e0e2 e-con-full e-flex e-con e-child\" data-id=\"e24e0e2\" data-element_type=\"container\" data-e-type=\"container\" data-settings=\"{&quot;_ha_eqh_enable&quot;:false}\">\n\t\t\t\t<div class=\"elementor-element elementor-element-9b6ea72 elementor-widget elementor-widget-image\" data-id=\"9b6ea72\" data-element_type=\"widget\" data-e-type=\"widget\" data-widget_type=\"image.default\">\n\t\t\t\t<div class=\"elementor-widget-container\">\n\t\t\t\t\t\t\t\t\t\t\t\t\t\t\t<img decoding=\"async\" width=\"800\" height=\"868\" src=\"http:\/\/luxedentalmedellin.com\/wp-content\/uploads\/2024\/02\/IMG_1595-e1709160752875-944x1024.jpg\" class=\"attachment-large size-large wp-image-472\" alt=\"\" srcset=\"http:\/\/luxedentalmedellin.com\/wp-content\/uploads\/2024\/02\/IMG_1595-e1709160752875-944x1024.jpg 944w, http:\/\/luxedentalmedellin.com\/wp-content\/uploads\/2024\/02\/IMG_1595-e1709160752875-277x300.jpg 277w, http:\/\/luxedentalmedellin.com\/wp-content\/uploads\/2024\/02\/IMG_1595-e1709160752875-768x833.jpg 768w, http:\/\/luxedentalmedellin.com\/wp-content\/uploads\/2024\/02\/IMG_1595-e1709160752875-11x12.jpg 11w, http:\/\/luxedentalmedellin.com\/wp-content\/uploads\/2024\/02\/IMG_1595-e1709160752875.jpg 1347w\" sizes=\"(max-width: 800px) 100vw, 800px\" \/>\t\t\t\t\t\t\t\t\t\t\t\t\t\t\t<\/div>\n\t\t\t\t<\/div>\n\t\t\t\t<\/div>\n\t\t\t\t\t<\/div>\n\t\t\t\t<\/div>\n\t\t<div class=\"elementor-element elementor-element-fe2d8b3 e-flex e-con-boxed e-con e-parent\" data-id=\"fe2d8b3\" data-element_type=\"container\" data-e-type=\"container\" data-settings=\"{&quot;background_background&quot;:&quot;classic&quot;,&quot;_ha_eqh_enable&quot;:false}\">\n\t\t\t\t\t<div class=\"e-con-inner\">\n\t\t\t\t<div class=\"elementor-element elementor-element-5847ec6 elementor-align-center elementor-icon-list--layout-traditional elementor-list-item-link-full_width elementor-widget elementor-widget-icon-list\" data-id=\"5847ec6\" data-element_type=\"widget\" data-e-type=\"widget\" data-widget_type=\"icon-list.default\">\n\t\t\t\t<div class=\"elementor-widget-container\">\n\t\t\t\t\t\t\t<ul class=\"elementor-icon-list-items\">\n\t\t\t\t\t\t\t<li class=\"elementor-icon-list-item\">\n\t\t\t\t\t\t\t\t\t\t<span class=\"elementor-icon-list-text\">Specialist in Oral and Reconstructive Implantology (UNICIEO)<\/span>\n\t\t\t\t\t\t\t\t\t<\/li>\n\t\t\t\t\t\t\t\t<li class=\"elementor-icon-list-item\">\n\t\t\t\t\t\t\t\t\t\t<span class=\"elementor-icon-list-text\">Specialist in dental prosthetics and dental esthetics<\/span>\n\t\t\t\t\t\t\t\t\t<\/li>\n\t\t\t\t\t\t\t\t<li class=\"elementor-icon-list-item\">\n\t\t\t\t\t\t\t\t\t\t<span class=\"elementor-icon-list-text\">3D Experience, 100% digital dentistry <\/span>\n\t\t\t\t\t\t\t\t\t<\/li>\n\t\t\t\t\t\t<\/ul>\n\t\t\t\t\t\t<\/div>\n\t\t\t\t<\/div>\n\t\t\t\t\t<\/div>\n\t\t\t\t<\/div>\n\t\t<div class=\"elementor-element elementor-element-a316110 e-flex e-con-boxed e-con e-parent\" data-id=\"a316110\" data-element_type=\"container\" data-e-type=\"container\" data-settings=\"{&quot;_ha_eqh_enable&quot;:false}\">\n\t\t\t\t\t<div class=\"e-con-inner\">\n\t\t\t\t\t<\/div>\n\t\t\t\t<\/div>\n\t\t<div class=\"elementor-element elementor-element-bf7bd75 e-flex e-con-boxed e-con e-parent\" data-id=\"bf7bd75\" data-element_type=\"container\" data-e-type=\"container\" data-settings=\"{&quot;_ha_eqh_enable&quot;:false}\">\n\t\t\t\t\t<div class=\"e-con-inner\">\n\t\t\t\t<div class=\"elementor-element elementor-element-15dc5ea elementor-widget elementor-widget-ha-creative-button happy-addon ha-creative-button\" data-id=\"15dc5ea\" data-element_type=\"widget\" data-e-type=\"widget\" data-widget_type=\"ha-creative-button.default\">\n\t\t\t\t<div class=\"elementor-widget-container\">\n\t\t\t\t\t\t\t<div data-magnetic=\"yes\" class=\"ha-creative-btn-wrap\">\n\t\t\t<a class=\"ha-creative-btn ha-stl--hermosa ha-eft--reshape\" href=\"http:\/\/luxedentalmedellin.com\/en\/principal\/citas\/\" rel=\"nofollow\"><span>Appointment<\/span><\/a>\n\t\t<\/div>\t\t\t\t<\/div>\n\t\t\t\t<\/div>\n\t\t\t\t\t<\/div>\n\t\t\t\t<\/div>\n\t\t\t\t<\/div>","protected":false},"excerpt":{"rendered":"<p>\u00a1Bienvenidos a la excelencia odontol\u00f3gica con Dr.Juan David Parra! Como especialista en Implantolog\u00eda Oral y Reconstructiva, graduado del reconocido CIEO, me enorgullece ofrecer soluciones de vanguardia para la restauraci\u00f3n de la funci\u00f3n y est\u00e9tica dental. Mi dedicaci\u00f3n a la excelencia se refleja en cada procedimiento, brindando a mis pacientes resultados duraderos y satisfactorios. Con una [&hellip;]<\/p>\n","protected":false},"author":1,"featured_media":0,"parent":361,"menu_order":0,"comment_status":"closed","ping_status":"closed","template":"elementor_header_footer","meta":{"footnotes":""},"class_list":["post-469","page","type-page","status-publish","hentry"],"_links":{"self":[{"href":"http:\/\/luxedentalmedellin.com\/en\/wp-json\/wp\/v2\/pages\/469","targetHints":{"allow":["GET"]}}],"collection":[{"href":"http:\/\/luxedentalmedellin.com\/en\/wp-json\/wp\/v2\/pages"}],"about":[{"href":"http:\/\/luxedentalmedellin.com\/en\/wp-json\/wp\/v2\/types\/page"}],"author":[{"embeddable":true,"href":"http:\/\/luxedentalmedellin.com\/en\/wp-json\/wp\/v2\/users\/1"}],"replies":[{"embeddable":true,"href":"http:\/\/luxedentalmedellin.com\/en\/wp-json\/wp\/v2\/comments?post=469"}],"version-history":[{"count":13,"href":"http:\/\/luxedentalmedellin.com\/en\/wp-json\/wp\/v2\/pages\/469\/revisions"}],"predecessor-version":[{"id":827,"href":"http:\/\/luxedentalmedellin.com\/en\/wp-json\/wp\/v2\/pages\/469\/revisions\/827"}],"up":[{"embeddable":true,"href":"http:\/\/luxedentalmedellin.com\/en\/wp-json\/wp\/v2\/pages\/361"}],"wp:attachment":[{"href":"http:\/\/luxedentalmedellin.com\/en\/wp-json\/wp\/v2\/media?parent=469"}],"curies":[{"name":"wp","href":"https:\/\/api.w.org\/{rel}","templated":true}]}}