{"id":363,"date":"2024-02-26T20:21:02","date_gmt":"2024-02-26T20:21:02","guid":{"rendered":"http:\/\/luxedentalmedellin.com\/?page_id=363"},"modified":"2025-12-10T12:05:13","modified_gmt":"2025-12-10T17:05:13","slug":"juanita-benjumea","status":"publish","type":"page","link":"http:\/\/luxedentalmedellin.com\/en\/principal\/conocenos\/juanita-benjumea\/","title":{"rendered":"Juanita"},"content":{"rendered":"<div data-elementor-type=\"wp-page\" data-elementor-id=\"363\" class=\"elementor elementor-363\" data-elementor-settings=\"{&quot;ha_cmc_init_switcher&quot;:&quot;no&quot;}\" data-elementor-post-type=\"page\">\n\t\t\t\t<div class=\"elementor-element elementor-element-8226112 e-flex e-con-boxed e-con e-parent\" data-id=\"8226112\" data-element_type=\"container\" data-e-type=\"container\" data-settings=\"{&quot;_ha_eqh_enable&quot;:false}\">\n\t\t\t\t\t<div class=\"e-con-inner\">\n\t\t<div class=\"elementor-element elementor-element-a0533f7 e-con-full e-flex e-con e-child\" data-id=\"a0533f7\" data-element_type=\"container\" data-e-type=\"container\" data-settings=\"{&quot;_ha_eqh_enable&quot;:false}\">\n\t\t\t\t<div class=\"elementor-element elementor-element-89c841e elementor-widget elementor-widget-image\" data-id=\"89c841e\" data-element_type=\"widget\" data-e-type=\"widget\" data-widget_type=\"image.default\">\n\t\t\t\t<div class=\"elementor-widget-container\">\n\t\t\t\t\t\t\t\t\t\t\t\t\t\t\t<img fetchpriority=\"high\" decoding=\"async\" width=\"651\" height=\"959\" src=\"http:\/\/luxedentalmedellin.com\/wp-content\/uploads\/2025\/12\/Imagen-de-WhatsApp-2025-12-10-a-las-12.04.01_326902ba.jpg\" class=\"attachment-large size-large wp-image-820\" alt=\"\" srcset=\"http:\/\/luxedentalmedellin.com\/wp-content\/uploads\/2025\/12\/Imagen-de-WhatsApp-2025-12-10-a-las-12.04.01_326902ba.jpg 651w, http:\/\/luxedentalmedellin.com\/wp-content\/uploads\/2025\/12\/Imagen-de-WhatsApp-2025-12-10-a-las-12.04.01_326902ba-204x300.jpg 204w, http:\/\/luxedentalmedellin.com\/wp-content\/uploads\/2025\/12\/Imagen-de-WhatsApp-2025-12-10-a-las-12.04.01_326902ba-8x12.jpg 8w\" sizes=\"(max-width: 651px) 100vw, 651px\" \/>\t\t\t\t\t\t\t\t\t\t\t\t\t\t\t<\/div>\n\t\t\t\t<\/div>\n\t\t\t\t<\/div>\n\t\t<div class=\"elementor-element elementor-element-9955e17 e-con-full e-flex e-con e-child\" data-id=\"9955e17\" data-element_type=\"container\" data-e-type=\"container\" data-settings=\"{&quot;_ha_eqh_enable&quot;:false}\">\n\t\t\t\t<div class=\"elementor-element elementor-element-c054a60 elementor-widget elementor-widget-heading\" data-id=\"c054a60\" data-element_type=\"widget\" data-e-type=\"widget\" data-widget_type=\"heading.default\">\n\t\t\t\t<div class=\"elementor-widget-container\">\n\t\t\t\t\t<h1 class=\"elementor-heading-title elementor-size-default\">Welcome to dental excellence with Dr. Juanita Benjumea!<\/h1>\t\t\t\t<\/div>\n\t\t\t\t<\/div>\n\t\t\t\t<\/div>\n\t\t\t\t\t<\/div>\n\t\t\t\t<\/div>\n\t\t<div class=\"elementor-element elementor-element-a242be0 e-flex e-con-boxed e-con e-parent\" data-id=\"a242be0\" data-element_type=\"container\" data-e-type=\"container\" data-settings=\"{&quot;_ha_eqh_enable&quot;:false}\">\n\t\t\t\t\t<div class=\"e-con-inner\">\n\t\t<div class=\"elementor-element elementor-element-53446b6 e-con-full e-flex e-con e-child\" data-id=\"53446b6\" data-element_type=\"container\" data-e-type=\"container\" data-settings=\"{&quot;_ha_eqh_enable&quot;:false}\">\n\t\t\t\t<div class=\"elementor-element elementor-element-fc0b4dd elementor-widget elementor-widget-text-editor\" data-id=\"fc0b4dd\" data-element_type=\"widget\" data-e-type=\"widget\" data-widget_type=\"text-editor.default\">\n\t\t\t\t<div class=\"elementor-widget-container\">\n\t\t\t\t\t\t\t\t\t<p>As a specialist in Oral Implant and Reconstructive Dentistry, a graduate of the prestigious UNICIEO, my focus is on providing advanced and personalized solutions for the oral health of my patients. My passion for Oral Surgery and Rehabilitation drives me to deliver quality results that transform smiles and lives.<\/p><p>With a complementary background in Dental Aesthetics and Facial Harmonization, my goal is to achieve natural beauty and functionality in every treatment. My commitment to excellence led me to study at the renowned Harvard University, where I deepened my knowledge of the opioid crisis in America and its impact on dental practice.<\/p><p>In my practice, I incorporate the latest technology in 100% digital dentistry, offering a unique three-dimensional experience for my patients. This allows us to plan precise and personalized treatments, guaranteeing optimal results and comfort for those who rely on my services.<\/p><p>In addition, my mastery of the versatility of OMI composite resin allows me to produce high quality esthetic restorations that blend seamlessly with the natural tooth structure, providing unparalleled durability and esthetics.<\/p><p>At Luxe Dental Clinic, we are committed to provide first class care, combining experience, technology and passion for oral health, let us be your ally on the road to a radiant and healthy smile!<\/p>\t\t\t\t\t\t\t\t<\/div>\n\t\t\t\t<\/div>\n\t\t\t\t<\/div>\n\t\t<div class=\"elementor-element elementor-element-e24e0e2 e-con-full e-flex e-con e-child\" data-id=\"e24e0e2\" data-element_type=\"container\" data-e-type=\"container\" data-settings=\"{&quot;_ha_eqh_enable&quot;:false}\">\n\t\t\t\t<div class=\"elementor-element elementor-element-9b6ea72 elementor-widget elementor-widget-image\" data-id=\"9b6ea72\" data-element_type=\"widget\" data-e-type=\"widget\" data-widget_type=\"image.default\">\n\t\t\t\t<div class=\"elementor-widget-container\">\n\t\t\t\t\t\t\t\t\t\t\t\t\t\t\t<img decoding=\"async\" width=\"701\" height=\"1024\" src=\"http:\/\/luxedentalmedellin.com\/wp-content\/uploads\/2024\/02\/IMG_6484-701x1024.jpg\" class=\"attachment-large size-large wp-image-454\" alt=\"\" srcset=\"http:\/\/luxedentalmedellin.com\/wp-content\/uploads\/2024\/02\/IMG_6484-701x1024.jpg 701w, http:\/\/luxedentalmedellin.com\/wp-content\/uploads\/2024\/02\/IMG_6484-205x300.jpg 205w, http:\/\/luxedentalmedellin.com\/wp-content\/uploads\/2024\/02\/IMG_6484-768x1122.jpg 768w, http:\/\/luxedentalmedellin.com\/wp-content\/uploads\/2024\/02\/IMG_6484-1051x1536.jpg 1051w, http:\/\/luxedentalmedellin.com\/wp-content\/uploads\/2024\/02\/IMG_6484-8x12.jpg 8w, http:\/\/luxedentalmedellin.com\/wp-content\/uploads\/2024\/02\/IMG_6484.jpg 1242w\" sizes=\"(max-width: 701px) 100vw, 701px\" \/>\t\t\t\t\t\t\t\t\t\t\t\t\t\t\t<\/div>\n\t\t\t\t<\/div>\n\t\t\t\t<\/div>\n\t\t\t\t\t<\/div>\n\t\t\t\t<\/div>\n\t\t<div class=\"elementor-element elementor-element-fe2d8b3 e-flex e-con-boxed e-con e-parent\" data-id=\"fe2d8b3\" data-element_type=\"container\" data-e-type=\"container\" data-settings=\"{&quot;background_background&quot;:&quot;classic&quot;,&quot;_ha_eqh_enable&quot;:false}\">\n\t\t\t\t\t<div class=\"e-con-inner\">\n\t\t\t\t<div class=\"elementor-element elementor-element-5847ec6 elementor-align-center elementor-icon-list--layout-traditional elementor-list-item-link-full_width elementor-widget elementor-widget-icon-list\" data-id=\"5847ec6\" data-element_type=\"widget\" data-e-type=\"widget\" data-widget_type=\"icon-list.default\">\n\t\t\t\t<div class=\"elementor-widget-container\">\n\t\t\t\t\t\t\t<ul class=\"elementor-icon-list-items\">\n\t\t\t\t\t\t\t<li class=\"elementor-icon-list-item\">\n\t\t\t\t\t\t\t\t\t\t<span class=\"elementor-icon-list-text\">Specialist in Oral and Reconstructive Implantology (UNICIEO)<\/span>\n\t\t\t\t\t\t\t\t\t<\/li>\n\t\t\t\t\t\t\t\t<li class=\"elementor-icon-list-item\">\n\t\t\t\t\t\t\t\t\t\t<span class=\"elementor-icon-list-text\">Specialist in Dental Aesthetics and Facial Harmonization <\/span>\n\t\t\t\t\t\t\t\t\t<\/li>\n\t\t\t\t\t\t\t\t<li class=\"elementor-icon-list-item\">\n\t\t\t\t\t\t\t\t\t\t<span class=\"elementor-icon-list-text\">The Opioid Crisis in Am\u00e9rica ( HARVARD UNIVERSITY) <\/span>\n\t\t\t\t\t\t\t\t\t<\/li>\n\t\t\t\t\t\t\t\t<li class=\"elementor-icon-list-item\">\n\t\t\t\t\t\t\t\t\t\t<span class=\"elementor-icon-list-text\">3D Experience, 100% digital dentistry <\/span>\n\t\t\t\t\t\t\t\t\t<\/li>\n\t\t\t\t\t\t\t\t<li class=\"elementor-icon-list-item\">\n\t\t\t\t\t\t\t\t\t\t<span class=\"elementor-icon-list-text\">versatility of composite resin OMI<\/span>\n\t\t\t\t\t\t\t\t\t<\/li>\n\t\t\t\t\t\t<\/ul>\n\t\t\t\t\t\t<\/div>\n\t\t\t\t<\/div>\n\t\t\t\t\t<\/div>\n\t\t\t\t<\/div>\n\t\t<div class=\"elementor-element elementor-element-a316110 e-flex e-con-boxed e-con e-parent\" data-id=\"a316110\" data-element_type=\"container\" data-e-type=\"container\" data-settings=\"{&quot;_ha_eqh_enable&quot;:false}\">\n\t\t\t\t\t<div class=\"e-con-inner\">\n\t\t\t\t\t<\/div>\n\t\t\t\t<\/div>\n\t\t<div class=\"elementor-element elementor-element-bf7bd75 e-flex e-con-boxed e-con e-parent\" data-id=\"bf7bd75\" data-element_type=\"container\" data-e-type=\"container\" data-settings=\"{&quot;_ha_eqh_enable&quot;:false}\">\n\t\t\t\t\t<div class=\"e-con-inner\">\n\t\t\t\t<div class=\"elementor-element elementor-element-15dc5ea elementor-widget elementor-widget-ha-creative-button happy-addon ha-creative-button\" data-id=\"15dc5ea\" data-element_type=\"widget\" data-e-type=\"widget\" data-widget_type=\"ha-creative-button.default\">\n\t\t\t\t<div class=\"elementor-widget-container\">\n\t\t\t\t\t\t\t<div data-magnetic=\"yes\" class=\"ha-creative-btn-wrap\">\n\t\t\t<a class=\"ha-creative-btn ha-stl--hermosa ha-eft--reshape\" href=\"http:\/\/luxedentalmedellin.com\/en\/principal\/citas\/\" rel=\"nofollow\"><span>Appointment<\/span><\/a>\n\t\t<\/div>\t\t\t\t<\/div>\n\t\t\t\t<\/div>\n\t\t\t\t\t<\/div>\n\t\t\t\t<\/div>\n\t\t\t\t<\/div>","protected":false},"excerpt":{"rendered":"<p>\u00a1Bienvenidos a la excelencia odontol\u00f3gica con Dra. Juanita Benjumea! Como especialista en Implantolog\u00eda Oral y Reconstructiva, graduada de la prestigiosa UNICIEO, mi enfoque se centra en brindar soluciones avanzadas y personalizadas para la salud bucal de mis pacientes. Mi pasi\u00f3n por la Cirug\u00eda Oral y la Rehabilitaci\u00f3n me impulsa a ofrecer resultados de calidad que [&hellip;]<\/p>\n","protected":false},"author":1,"featured_media":0,"parent":361,"menu_order":0,"comment_status":"closed","ping_status":"closed","template":"elementor_header_footer","meta":{"footnotes":""},"class_list":["post-363","page","type-page","status-publish","hentry"],"_links":{"self":[{"href":"http:\/\/luxedentalmedellin.com\/en\/wp-json\/wp\/v2\/pages\/363","targetHints":{"allow":["GET"]}}],"collection":[{"href":"http:\/\/luxedentalmedellin.com\/en\/wp-json\/wp\/v2\/pages"}],"about":[{"href":"http:\/\/luxedentalmedellin.com\/en\/wp-json\/wp\/v2\/types\/page"}],"author":[{"embeddable":true,"href":"http:\/\/luxedentalmedellin.com\/en\/wp-json\/wp\/v2\/users\/1"}],"replies":[{"embeddable":true,"href":"http:\/\/luxedentalmedellin.com\/en\/wp-json\/wp\/v2\/comments?post=363"}],"version-history":[{"count":19,"href":"http:\/\/luxedentalmedellin.com\/en\/wp-json\/wp\/v2\/pages\/363\/revisions"}],"predecessor-version":[{"id":823,"href":"http:\/\/luxedentalmedellin.com\/en\/wp-json\/wp\/v2\/pages\/363\/revisions\/823"}],"up":[{"embeddable":true,"href":"http:\/\/luxedentalmedellin.com\/en\/wp-json\/wp\/v2\/pages\/361"}],"wp:attachment":[{"href":"http:\/\/luxedentalmedellin.com\/en\/wp-json\/wp\/v2\/media?parent=363"}],"curies":[{"name":"wp","href":"https:\/\/api.w.org\/{rel}","templated":true}]}}